{"id":7,"date":"2024-09-24T17:47:46","date_gmt":"2024-09-24T17:47:46","guid":{"rendered":"https:\/\/grupotecnologia.com.mx\/?page_id=7"},"modified":"2024-09-28T05:02:32","modified_gmt":"2024-09-28T05:02:32","slug":"inicio","status":"publish","type":"page","link":"https:\/\/grupotecnologia.com.mx\/","title":{"rendered":"INICIO"},"content":{"rendered":"\t\t<div data-elementor-type=\"wp-page\" data-elementor-id=\"7\" class=\"elementor elementor-7\">\n\t\t\t\t<div class=\"elementor-element elementor-element-828489b e-con-full e-flex e-con e-parent\" data-id=\"828489b\" data-element_type=\"container\" data-e-type=\"container\">\n\t\t\t\t<div class=\"elementor-element elementor-element-14a4ca2 elementor-widget elementor-widget-image\" data-id=\"14a4ca2\" data-element_type=\"widget\" data-e-type=\"widget\" data-widget_type=\"image.default\">\n\t\t\t\t<div class=\"elementor-widget-container\">\n\t\t\t\t\t\t\t\t\t\t\t\t\t\t\t<img fetchpriority=\"high\" decoding=\"async\" width=\"1024\" height=\"89\" src=\"https:\/\/grupotecnologia.com.mx\/wp-content\/uploads\/2024\/09\/Captura-de-Pantalla-2024-09-23-a-las-14.08.40-1024x89.jpg\" class=\"attachment-large size-large wp-image-10\" alt=\"\" srcset=\"https:\/\/grupotecnologia.com.mx\/wp-content\/uploads\/2024\/09\/Captura-de-Pantalla-2024-09-23-a-las-14.08.40-1024x89.jpg 1024w, https:\/\/grupotecnologia.com.mx\/wp-content\/uploads\/2024\/09\/Captura-de-Pantalla-2024-09-23-a-las-14.08.40-300x26.jpg 300w, https:\/\/grupotecnologia.com.mx\/wp-content\/uploads\/2024\/09\/Captura-de-Pantalla-2024-09-23-a-las-14.08.40-768x67.jpg 768w, https:\/\/grupotecnologia.com.mx\/wp-content\/uploads\/2024\/09\/Captura-de-Pantalla-2024-09-23-a-las-14.08.40.jpg 1117w\" sizes=\"(max-width: 1024px) 100vw, 1024px\" \/>\t\t\t\t\t\t\t\t\t\t\t\t\t\t\t<\/div>\n\t\t\t\t<\/div>\n\t\t\t\t<\/div>\n\t\t<div class=\"elementor-element elementor-element-be52ab3 e-flex e-con-boxed e-con e-parent\" data-id=\"be52ab3\" data-element_type=\"container\" data-e-type=\"container\">\n\t\t\t\t\t<div class=\"e-con-inner\">\n\t\t<div class=\"elementor-element elementor-element-a385567 e-grid e-con-full e-con e-child\" data-id=\"a385567\" data-element_type=\"container\" data-e-type=\"container\">\n\t\t\t\t<div class=\"elementor-element elementor-element-e402f5c elementor-widget elementor-widget-image\" data-id=\"e402f5c\" data-element_type=\"widget\" data-e-type=\"widget\" data-widget_type=\"image.default\">\n\t\t\t\t<div class=\"elementor-widget-container\">\n\t\t\t\t\t\t\t\t\t\t\t\t\t\t\t\t<a href=\"https:\/\/www.tadsa.com.mx\/\">\n\t\t\t\t\t\t\t<img decoding=\"async\" width=\"162\" height=\"210\" src=\"https:\/\/grupotecnologia.com.mx\/wp-content\/uploads\/2024\/09\/tadsa.jpg\" class=\"attachment-large size-large wp-image-15\" alt=\"\" \/>\t\t\t\t\t\t\t\t<\/a>\n\t\t\t\t\t\t\t\t\t\t\t\t\t\t\t<\/div>\n\t\t\t\t<\/div>\n\t\t\t\t<div class=\"elementor-element elementor-element-7d8eca2 elementor-widget elementor-widget-image\" data-id=\"7d8eca2\" data-element_type=\"widget\" data-e-type=\"widget\" data-widget_type=\"image.default\">\n\t\t\t\t<div class=\"elementor-widget-container\">\n\t\t\t\t\t\t\t\t\t\t\t\t\t\t\t<img decoding=\"async\" width=\"162\" height=\"210\" src=\"https:\/\/grupotecnologia.com.mx\/wp-content\/uploads\/2024\/09\/tademex.jpg\" class=\"attachment-large size-large wp-image-14\" alt=\"\" \/>\t\t\t\t\t\t\t\t\t\t\t\t\t\t\t<\/div>\n\t\t\t\t<\/div>\n\t\t\t\t<div class=\"elementor-element elementor-element-eff9e1b elementor-widget elementor-widget-image\" data-id=\"eff9e1b\" data-element_type=\"widget\" data-e-type=\"widget\" data-widget_type=\"image.default\">\n\t\t\t\t<div class=\"elementor-widget-container\">\n\t\t\t\t\t\t\t\t\t\t\t\t\t\t\t\t<a href=\"https:\/\/www.tabsa.com.mx\/\">\n\t\t\t\t\t\t\t<img loading=\"lazy\" decoding=\"async\" width=\"162\" height=\"210\" src=\"https:\/\/grupotecnologia.com.mx\/wp-content\/uploads\/2024\/09\/tabsa.jpg\" class=\"attachment-large size-large wp-image-13\" alt=\"\" \/>\t\t\t\t\t\t\t\t<\/a>\n\t\t\t\t\t\t\t\t\t\t\t\t\t\t\t<\/div>\n\t\t\t\t<\/div>\n\t\t\t\t<div class=\"elementor-element elementor-element-318b1ee elementor-widget elementor-widget-image\" data-id=\"318b1ee\" data-element_type=\"widget\" data-e-type=\"widget\" data-widget_type=\"image.default\">\n\t\t\t\t<div class=\"elementor-widget-container\">\n\t\t\t\t\t\t\t\t\t\t\t\t\t\t\t<img loading=\"lazy\" decoding=\"async\" width=\"162\" height=\"210\" src=\"https:\/\/grupotecnologia.com.mx\/wp-content\/uploads\/2024\/09\/ayres.jpg\" class=\"attachment-large size-large wp-image-11\" alt=\"\" \/>\t\t\t\t\t\t\t\t\t\t\t\t\t\t\t<\/div>\n\t\t\t\t<\/div>\n\t\t\t\t<div class=\"elementor-element elementor-element-cab4805 elementor-widget elementor-widget-image\" data-id=\"cab4805\" data-element_type=\"widget\" data-e-type=\"widget\" data-widget_type=\"image.default\">\n\t\t\t\t<div class=\"elementor-widget-container\">\n\t\t\t\t\t\t\t\t\t\t\t\t\t\t\t<img loading=\"lazy\" decoding=\"async\" width=\"162\" height=\"210\" src=\"https:\/\/grupotecnologia.com.mx\/wp-content\/uploads\/2024\/09\/taisaa.jpg\" class=\"attachment-large size-large wp-image-16\" alt=\"\" \/>\t\t\t\t\t\t\t\t\t\t\t\t\t\t\t<\/div>\n\t\t\t\t<\/div>\n\t\t\t\t<div class=\"elementor-element elementor-element-402594b elementor-widget elementor-widget-image\" data-id=\"402594b\" data-element_type=\"widget\" data-e-type=\"widget\" data-widget_type=\"image.default\">\n\t\t\t\t<div class=\"elementor-widget-container\">\n\t\t\t\t\t\t\t\t\t\t\t\t\t\t\t\t<a href=\"https:\/\/ecotam.mx\/\">\n\t\t\t\t\t\t\t<img loading=\"lazy\" decoding=\"async\" width=\"162\" height=\"210\" src=\"https:\/\/grupotecnologia.com.mx\/wp-content\/uploads\/2024\/09\/ecotecnologia.jpg\" class=\"attachment-large size-large wp-image-12\" alt=\"\" \/>\t\t\t\t\t\t\t\t<\/a>\n\t\t\t\t\t\t\t\t\t\t\t\t\t\t\t<\/div>\n\t\t\t\t<\/div>\n\t\t\t\t<\/div>\n\t\t\t\t\t<\/div>\n\t\t\t\t<\/div>\n\t\t<div class=\"elementor-element elementor-element-848eacf e-con-full e-flex e-con e-parent\" data-id=\"848eacf\" data-element_type=\"container\" data-e-type=\"container\">\n\t\t<div class=\"elementor-element elementor-element-80f67bd e-grid e-con-boxed e-con e-child\" data-id=\"80f67bd\" data-element_type=\"container\" data-e-type=\"container\">\n\t\t\t\t\t<div class=\"e-con-inner\">\n\t\t\t\t<div class=\"elementor-element elementor-element-f71658a elementor-widget elementor-widget-image\" data-id=\"f71658a\" data-element_type=\"widget\" data-e-type=\"widget\" data-widget_type=\"image.default\">\n\t\t\t\t<div class=\"elementor-widget-container\">\n\t\t\t\t\t\t\t\t\t\t\t\t\t\t\t<img loading=\"lazy\" decoding=\"async\" width=\"367\" height=\"319\" src=\"https:\/\/grupotecnologia.com.mx\/wp-content\/uploads\/2024\/09\/Sin-titulo-1_01.jpg\" class=\"attachment-large size-large wp-image-39\" alt=\"\" srcset=\"https:\/\/grupotecnologia.com.mx\/wp-content\/uploads\/2024\/09\/Sin-titulo-1_01.jpg 367w, https:\/\/grupotecnologia.com.mx\/wp-content\/uploads\/2024\/09\/Sin-titulo-1_01-300x261.jpg 300w\" sizes=\"(max-width: 367px) 100vw, 367px\" \/>\t\t\t\t\t\t\t\t\t\t\t\t\t\t\t<\/div>\n\t\t\t\t<\/div>\n\t\t\t\t<div class=\"elementor-element elementor-element-a4465e8 elementor-widget elementor-widget-text-editor\" data-id=\"a4465e8\" data-element_type=\"widget\" data-e-type=\"widget\" data-widget_type=\"text-editor.default\">\n\t\t\t\t<div class=\"elementor-widget-container\">\n\t\t\t\t\t\t\t\t\t<p><strong>Tecnolog\u00eda Avanzada en Drenajes<\/strong><br \/>1. Tuber\u00eda corrugada de polietileno de alta densidad.<br \/>2. Piezas especiales y accesorios.<br \/>3. Alcantarillas.<br \/>4. Geomembranas de polietileno y geotextiles.<br \/>5. Mingitorios ecol\u00f3gicos.<br \/>6. Tuber\u00eda conduit y separadores.<\/p>\t\t\t\t\t\t\t\t<\/div>\n\t\t\t\t<\/div>\n\t\t\t\t<div class=\"elementor-element elementor-element-64aea56 elementor-widget elementor-widget-image\" data-id=\"64aea56\" data-element_type=\"widget\" data-e-type=\"widget\" data-widget_type=\"image.default\">\n\t\t\t\t<div class=\"elementor-widget-container\">\n\t\t\t\t\t\t\t\t\t\t\t\t\t\t\t<img loading=\"lazy\" decoding=\"async\" width=\"349\" height=\"319\" src=\"https:\/\/grupotecnologia.com.mx\/wp-content\/uploads\/2024\/09\/Sin-titulo-1_03.jpg\" class=\"attachment-large size-large wp-image-40\" alt=\"\" srcset=\"https:\/\/grupotecnologia.com.mx\/wp-content\/uploads\/2024\/09\/Sin-titulo-1_03.jpg 349w, https:\/\/grupotecnologia.com.mx\/wp-content\/uploads\/2024\/09\/Sin-titulo-1_03-300x274.jpg 300w\" sizes=\"(max-width: 349px) 100vw, 349px\" \/>\t\t\t\t\t\t\t\t\t\t\t\t\t\t\t<\/div>\n\t\t\t\t<\/div>\n\t\t\t\t\t<\/div>\n\t\t\t\t<\/div>\n\t\t\t\t<\/div>\n\t\t<div class=\"elementor-element elementor-element-8e2869c e-con-full e-flex e-con e-parent\" data-id=\"8e2869c\" data-element_type=\"container\" data-e-type=\"container\">\n\t\t<div class=\"elementor-element elementor-element-89d38c7 e-grid e-con-boxed e-con e-child\" data-id=\"89d38c7\" data-element_type=\"container\" data-e-type=\"container\">\n\t\t\t\t\t<div class=\"e-con-inner\">\n\t\t\t\t<div class=\"elementor-element elementor-element-52bed6a elementor-widget elementor-widget-image\" data-id=\"52bed6a\" data-element_type=\"widget\" data-e-type=\"widget\" data-widget_type=\"image.default\">\n\t\t\t\t<div class=\"elementor-widget-container\">\n\t\t\t\t\t\t\t\t\t\t\t\t\t\t\t<img loading=\"lazy\" decoding=\"async\" width=\"367\" height=\"278\" src=\"https:\/\/grupotecnologia.com.mx\/wp-content\/uploads\/2024\/09\/inicio2_01-e1727498120176.jpg\" class=\"attachment-large size-large wp-image-41\" alt=\"\" srcset=\"https:\/\/grupotecnologia.com.mx\/wp-content\/uploads\/2024\/09\/inicio2_01-e1727498120176.jpg 367w, https:\/\/grupotecnologia.com.mx\/wp-content\/uploads\/2024\/09\/inicio2_01-e1727498120176-300x227.jpg 300w\" sizes=\"(max-width: 367px) 100vw, 367px\" \/>\t\t\t\t\t\t\t\t\t\t\t\t\t\t\t<\/div>\n\t\t\t\t<\/div>\n\t\t\t\t<div class=\"elementor-element elementor-element-c7ecf83 elementor-widget elementor-widget-text-editor\" data-id=\"c7ecf83\" data-element_type=\"widget\" data-e-type=\"widget\" data-widget_type=\"text-editor.default\">\n\t\t\t\t<div class=\"elementor-widget-container\">\n\t\t\t\t\t\t\t\t\t<p><strong>Tecnolog\u00eda Avanzada en Bandas S.A.<\/strong><br \/>1. Bandas de uso general y tipo tubo 2. Transportadores soportados por aire 3. Poleas para bandas transportadoras<br \/>4. Motopoleas<br \/>5. Rodillos<br \/>6. Sistema persuader<br \/>7. Limpiadores primarios y secundarios<br \/>8. Grapas para unir bandas<br \/>9. Cangilones para bandas elevadora.<\/p>\t\t\t\t\t\t\t\t<\/div>\n\t\t\t\t<\/div>\n\t\t\t\t<div class=\"elementor-element elementor-element-e09b165 elementor-widget elementor-widget-image\" data-id=\"e09b165\" data-element_type=\"widget\" data-e-type=\"widget\" data-widget_type=\"image.default\">\n\t\t\t\t<div class=\"elementor-widget-container\">\n\t\t\t\t\t\t\t\t\t\t\t\t\t\t\t<img loading=\"lazy\" decoding=\"async\" width=\"349\" height=\"276\" src=\"https:\/\/grupotecnologia.com.mx\/wp-content\/uploads\/2024\/09\/inicio2_03-e1727498187615.jpg\" class=\"attachment-large size-large wp-image-42\" alt=\"\" srcset=\"https:\/\/grupotecnologia.com.mx\/wp-content\/uploads\/2024\/09\/inicio2_03-e1727498187615.jpg 349w, https:\/\/grupotecnologia.com.mx\/wp-content\/uploads\/2024\/09\/inicio2_03-e1727498187615-300x237.jpg 300w\" sizes=\"(max-width: 349px) 100vw, 349px\" \/>\t\t\t\t\t\t\t\t\t\t\t\t\t\t\t<\/div>\n\t\t\t\t<\/div>\n\t\t\t\t\t<\/div>\n\t\t\t\t<\/div>\n\t\t\t\t<\/div>\n\t\t<div class=\"elementor-element elementor-element-6c9b92e e-con-full e-flex e-con e-parent\" data-id=\"6c9b92e\" data-element_type=\"container\" data-e-type=\"container\">\n\t\t<div class=\"elementor-element elementor-element-159282b e-grid e-con-boxed e-con e-child\" data-id=\"159282b\" data-element_type=\"container\" data-e-type=\"container\">\n\t\t\t\t\t<div class=\"e-con-inner\">\n\t\t\t\t<div class=\"elementor-element elementor-element-2a199d6 elementor-widget elementor-widget-image\" data-id=\"2a199d6\" data-element_type=\"widget\" data-e-type=\"widget\" data-widget_type=\"image.default\">\n\t\t\t\t<div class=\"elementor-widget-container\">\n\t\t\t\t\t\t\t\t\t\t\t\t\t\t\t<img loading=\"lazy\" decoding=\"async\" width=\"367\" height=\"270\" src=\"https:\/\/grupotecnologia.com.mx\/wp-content\/uploads\/2024\/09\/inicio3_01-e1727499073165.jpg\" class=\"attachment-large size-large wp-image-46\" alt=\"\" srcset=\"https:\/\/grupotecnologia.com.mx\/wp-content\/uploads\/2024\/09\/inicio3_01-e1727499073165.jpg 367w, https:\/\/grupotecnologia.com.mx\/wp-content\/uploads\/2024\/09\/inicio3_01-e1727499073165-300x221.jpg 300w\" sizes=\"(max-width: 367px) 100vw, 367px\" \/>\t\t\t\t\t\t\t\t\t\t\t\t\t\t\t<\/div>\n\t\t\t\t<\/div>\n\t\t\t\t<div class=\"elementor-element elementor-element-e7d4b71 elementor-widget elementor-widget-text-editor\" data-id=\"e7d4b71\" data-element_type=\"widget\" data-e-type=\"widget\" data-widget_type=\"text-editor.default\">\n\t\t\t\t<div class=\"elementor-widget-container\">\n\t\t\t\t\t\t\t\t\t<p><strong>Contribuyendo al desarrollo hidr\u00e1ulico de<\/strong><br \/><strong>M\u00e9xico<\/strong><br \/>1. Tuber\u00eda para agua potable.<br \/>2. Tuber\u00eda para uso municipal e industrial. 3. Tuber\u00eda para gas.<br \/>4. Hidrantes.<br \/>5. V\u00e1lvulas.<br \/>6. Compuertas.<\/p>\t\t\t\t\t\t\t\t<\/div>\n\t\t\t\t<\/div>\n\t\t\t\t<div class=\"elementor-element elementor-element-79b4430 elementor-widget elementor-widget-image\" data-id=\"79b4430\" data-element_type=\"widget\" data-e-type=\"widget\" data-widget_type=\"image.default\">\n\t\t\t\t<div class=\"elementor-widget-container\">\n\t\t\t\t\t\t\t\t\t\t\t\t\t\t\t<img loading=\"lazy\" decoding=\"async\" width=\"349\" height=\"271\" src=\"https:\/\/grupotecnologia.com.mx\/wp-content\/uploads\/2024\/09\/inicio3_03-e1727499040252.jpg\" class=\"attachment-large size-large wp-image-47\" alt=\"\" srcset=\"https:\/\/grupotecnologia.com.mx\/wp-content\/uploads\/2024\/09\/inicio3_03-e1727499040252.jpg 349w, https:\/\/grupotecnologia.com.mx\/wp-content\/uploads\/2024\/09\/inicio3_03-e1727499040252-300x233.jpg 300w\" sizes=\"(max-width: 349px) 100vw, 349px\" \/>\t\t\t\t\t\t\t\t\t\t\t\t\t\t\t<\/div>\n\t\t\t\t<\/div>\n\t\t\t\t\t<\/div>\n\t\t\t\t<\/div>\n\t\t\t\t<\/div>\n\t\t<div class=\"elementor-element elementor-element-3b4386f e-con-full e-flex e-con e-parent\" data-id=\"3b4386f\" data-element_type=\"container\" data-e-type=\"container\">\n\t\t<div class=\"elementor-element elementor-element-677787b e-grid e-con-boxed e-con e-child\" data-id=\"677787b\" data-element_type=\"container\" data-e-type=\"container\">\n\t\t\t\t\t<div class=\"e-con-inner\">\n\t\t\t\t<div class=\"elementor-element elementor-element-77b1f66 elementor-widget elementor-widget-image\" data-id=\"77b1f66\" data-element_type=\"widget\" data-e-type=\"widget\" data-widget_type=\"image.default\">\n\t\t\t\t<div class=\"elementor-widget-container\">\n\t\t\t\t\t\t\t\t\t\t\t\t\t\t\t<img loading=\"lazy\" decoding=\"async\" width=\"288\" height=\"319\" src=\"https:\/\/grupotecnologia.com.mx\/wp-content\/uploads\/2024\/09\/inicio4_01-e1727499266923.jpg\" class=\"attachment-large size-large wp-image-51\" alt=\"\" srcset=\"https:\/\/grupotecnologia.com.mx\/wp-content\/uploads\/2024\/09\/inicio4_01-e1727499266923.jpg 288w, https:\/\/grupotecnologia.com.mx\/wp-content\/uploads\/2024\/09\/inicio4_01-e1727499266923-271x300.jpg 271w\" sizes=\"(max-width: 288px) 100vw, 288px\" \/>\t\t\t\t\t\t\t\t\t\t\t\t\t\t\t<\/div>\n\t\t\t\t<\/div>\n\t\t\t\t<div class=\"elementor-element elementor-element-ee4749f elementor-widget elementor-widget-text-editor\" data-id=\"ee4749f\" data-element_type=\"widget\" data-e-type=\"widget\" data-widget_type=\"text-editor.default\">\n\t\t\t\t<div class=\"elementor-widget-container\">\n\t\t\t\t\t\t\t\t\t<p><strong>Administraci\u00f3n y recolecci\u00f3n ecol\u00f3gica y sustentable<\/strong><br \/>Servicios industrial y comercial.<br \/>Servicio municipal.<br \/>Programa de manejo integral de residuos.<br \/>Campa\u00f1as ambientales creativas<br \/>Esquemas ecol\u00f3gicos de recolecci\u00f3n (Bonos<br \/>verdes)<\/p>\t\t\t\t\t\t\t\t<\/div>\n\t\t\t\t<\/div>\n\t\t\t\t<div class=\"elementor-element elementor-element-b858344 elementor-widget elementor-widget-image\" data-id=\"b858344\" data-element_type=\"widget\" data-e-type=\"widget\" data-widget_type=\"image.default\">\n\t\t\t\t<div class=\"elementor-widget-container\">\n\t\t\t\t\t\t\t\t\t\t\t\t\t\t\t<img loading=\"lazy\" decoding=\"async\" width=\"349\" height=\"319\" src=\"https:\/\/grupotecnologia.com.mx\/wp-content\/uploads\/2024\/09\/inicio4_03.jpg\" class=\"attachment-large size-large wp-image-52\" alt=\"\" srcset=\"https:\/\/grupotecnologia.com.mx\/wp-content\/uploads\/2024\/09\/inicio4_03.jpg 349w, https:\/\/grupotecnologia.com.mx\/wp-content\/uploads\/2024\/09\/inicio4_03-300x274.jpg 300w\" sizes=\"(max-width: 349px) 100vw, 349px\" \/>\t\t\t\t\t\t\t\t\t\t\t\t\t\t\t<\/div>\n\t\t\t\t<\/div>\n\t\t\t\t\t<\/div>\n\t\t\t\t<\/div>\n\t\t\t\t<\/div>\n\t\t<div class=\"elementor-element elementor-element-7225d1f e-con-full e-flex e-con e-parent\" data-id=\"7225d1f\" data-element_type=\"container\" data-e-type=\"container\">\n\t\t<div class=\"elementor-element elementor-element-f72c835 e-grid e-con-boxed e-con e-child\" data-id=\"f72c835\" data-element_type=\"container\" data-e-type=\"container\">\n\t\t\t\t\t<div class=\"e-con-inner\">\n\t\t\t\t<div class=\"elementor-element elementor-element-3c2539e elementor-widget elementor-widget-image\" data-id=\"3c2539e\" data-element_type=\"widget\" data-e-type=\"widget\" data-widget_type=\"image.default\">\n\t\t\t\t<div class=\"elementor-widget-container\">\n\t\t\t\t\t\t\t\t\t\t\t\t\t\t\t<img loading=\"lazy\" decoding=\"async\" width=\"282\" height=\"319\" src=\"https:\/\/grupotecnologia.com.mx\/wp-content\/uploads\/2024\/09\/inincio5_01-e1727499512674.jpg\" class=\"attachment-large size-large wp-image-56\" alt=\"\" srcset=\"https:\/\/grupotecnologia.com.mx\/wp-content\/uploads\/2024\/09\/inincio5_01-e1727499512674.jpg 282w, https:\/\/grupotecnologia.com.mx\/wp-content\/uploads\/2024\/09\/inincio5_01-e1727499512674-265x300.jpg 265w\" sizes=\"(max-width: 282px) 100vw, 282px\" \/>\t\t\t\t\t\t\t\t\t\t\t\t\t\t\t<\/div>\n\t\t\t\t<\/div>\n\t\t\t\t<div class=\"elementor-element elementor-element-60649d5 elementor-widget elementor-widget-text-editor\" data-id=\"60649d5\" data-element_type=\"widget\" data-e-type=\"widget\" data-widget_type=\"text-editor.default\">\n\t\t\t\t<div class=\"elementor-widget-container\">\n\t\t\t\t\t\t\t\t\t<p><strong>Servicios:<\/strong><br \/>Ingenier\u00eda Industrial Mec\u00e1nica y<br \/>Mantenimiento.<\/p>\t\t\t\t\t\t\t\t<\/div>\n\t\t\t\t<\/div>\n\t\t\t\t<div class=\"elementor-element elementor-element-4dc97e2 elementor-widget elementor-widget-image\" data-id=\"4dc97e2\" data-element_type=\"widget\" data-e-type=\"widget\" data-widget_type=\"image.default\">\n\t\t\t\t<div class=\"elementor-widget-container\">\n\t\t\t\t\t\t\t\t\t\t\t\t\t\t\t<img loading=\"lazy\" decoding=\"async\" width=\"349\" height=\"319\" src=\"https:\/\/grupotecnologia.com.mx\/wp-content\/uploads\/2024\/09\/inincio5_03.jpg\" class=\"attachment-large size-large wp-image-57\" alt=\"\" srcset=\"https:\/\/grupotecnologia.com.mx\/wp-content\/uploads\/2024\/09\/inincio5_03.jpg 349w, https:\/\/grupotecnologia.com.mx\/wp-content\/uploads\/2024\/09\/inincio5_03-300x274.jpg 300w\" sizes=\"(max-width: 349px) 100vw, 349px\" \/>\t\t\t\t\t\t\t\t\t\t\t\t\t\t\t<\/div>\n\t\t\t\t<\/div>\n\t\t\t\t\t<\/div>\n\t\t\t\t<\/div>\n\t\t\t\t<\/div>\n\t\t<div class=\"elementor-element elementor-element-4b72d46 e-con-full e-flex e-con e-parent\" data-id=\"4b72d46\" data-element_type=\"container\" data-e-type=\"container\">\n\t\t<div class=\"elementor-element elementor-element-11ab3b7 e-grid e-con-boxed e-con e-child\" data-id=\"11ab3b7\" data-element_type=\"container\" data-e-type=\"container\">\n\t\t\t\t\t<div class=\"e-con-inner\">\n\t\t\t\t<div class=\"elementor-element elementor-element-eca5e35 elementor-widget elementor-widget-image\" data-id=\"eca5e35\" data-element_type=\"widget\" data-e-type=\"widget\" data-widget_type=\"image.default\">\n\t\t\t\t<div class=\"elementor-widget-container\">\n\t\t\t\t\t\t\t\t\t\t\t\t\t\t\t<img loading=\"lazy\" decoding=\"async\" width=\"286\" height=\"319\" src=\"https:\/\/grupotecnologia.com.mx\/wp-content\/uploads\/2024\/09\/inicio6_01-e1727499692349.jpg\" class=\"attachment-large size-large wp-image-61\" alt=\"\" srcset=\"https:\/\/grupotecnologia.com.mx\/wp-content\/uploads\/2024\/09\/inicio6_01-e1727499692349.jpg 286w, https:\/\/grupotecnologia.com.mx\/wp-content\/uploads\/2024\/09\/inicio6_01-e1727499692349-269x300.jpg 269w\" sizes=\"(max-width: 286px) 100vw, 286px\" \/>\t\t\t\t\t\t\t\t\t\t\t\t\t\t\t<\/div>\n\t\t\t\t<\/div>\n\t\t\t\t<div class=\"elementor-element elementor-element-bb0b648 elementor-widget elementor-widget-text-editor\" data-id=\"bb0b648\" data-element_type=\"widget\" data-e-type=\"widget\" data-widget_type=\"text-editor.default\">\n\t\t\t\t<div class=\"elementor-widget-container\">\n\t\t\t\t\t\t\t\t\t<p><strong>Servicios:<\/strong><br \/>L\u00edder en reciclaje de pl\u00e1sticos.<\/p>\t\t\t\t\t\t\t\t<\/div>\n\t\t\t\t<\/div>\n\t\t\t\t<div class=\"elementor-element elementor-element-ce99b33 elementor-widget elementor-widget-image\" data-id=\"ce99b33\" data-element_type=\"widget\" data-e-type=\"widget\" data-widget_type=\"image.default\">\n\t\t\t\t<div class=\"elementor-widget-container\">\n\t\t\t\t\t\t\t\t\t\t\t\t\t\t\t<img loading=\"lazy\" decoding=\"async\" width=\"349\" height=\"319\" src=\"https:\/\/grupotecnologia.com.mx\/wp-content\/uploads\/2024\/09\/inicio6_03.jpg\" class=\"attachment-large size-large wp-image-62\" alt=\"\" srcset=\"https:\/\/grupotecnologia.com.mx\/wp-content\/uploads\/2024\/09\/inicio6_03.jpg 349w, https:\/\/grupotecnologia.com.mx\/wp-content\/uploads\/2024\/09\/inicio6_03-300x274.jpg 300w\" sizes=\"(max-width: 349px) 100vw, 349px\" \/>\t\t\t\t\t\t\t\t\t\t\t\t\t\t\t<\/div>\n\t\t\t\t<\/div>\n\t\t\t\t\t<\/div>\n\t\t\t\t<\/div>\n\t\t\t\t<\/div>\n\t\t\t\t<\/div>\n\t\t","protected":false},"excerpt":{"rendered":"<p>Tecnolog\u00eda Avanzada en Drenajes1. Tuber\u00eda corrugada de polietileno de alta densidad.2. Piezas especiales y accesorios.3. Alcantarillas.4. Geomembranas de polietileno y geotextiles.5. Mingitorios ecol\u00f3gicos.6. Tuber\u00eda conduit y separadores. Tecnolog\u00eda Avanzada en Bandas S.A.1. Bandas de uso general y tipo tubo 2. Transportadores soportados por aire 3. Poleas para bandas transportadoras4. Motopoleas5. Rodillos6. Sistema persuader7. Limpiadores primarios [&hellip;]<\/p>\n","protected":false},"author":1,"featured_media":0,"parent":0,"menu_order":0,"comment_status":"closed","ping_status":"closed","template":"elementor_canvas","meta":{"footnotes":""},"class_list":["post-7","page","type-page","status-publish","hentry"],"_links":{"self":[{"href":"https:\/\/grupotecnologia.com.mx\/index.php?rest_route=\/wp\/v2\/pages\/7","targetHints":{"allow":["GET"]}}],"collection":[{"href":"https:\/\/grupotecnologia.com.mx\/index.php?rest_route=\/wp\/v2\/pages"}],"about":[{"href":"https:\/\/grupotecnologia.com.mx\/index.php?rest_route=\/wp\/v2\/types\/page"}],"author":[{"embeddable":true,"href":"https:\/\/grupotecnologia.com.mx\/index.php?rest_route=\/wp\/v2\/users\/1"}],"replies":[{"embeddable":true,"href":"https:\/\/grupotecnologia.com.mx\/index.php?rest_route=%2Fwp%2Fv2%2Fcomments&post=7"}],"version-history":[{"count":31,"href":"https:\/\/grupotecnologia.com.mx\/index.php?rest_route=\/wp\/v2\/pages\/7\/revisions"}],"predecessor-version":[{"id":65,"href":"https:\/\/grupotecnologia.com.mx\/index.php?rest_route=\/wp\/v2\/pages\/7\/revisions\/65"}],"wp:attachment":[{"href":"https:\/\/grupotecnologia.com.mx\/index.php?rest_route=%2Fwp%2Fv2%2Fmedia&parent=7"}],"curies":[{"name":"wp","href":"https:\/\/api.w.org\/{rel}","templated":true}]}}